{"id":1996,"date":"2022-11-29T09:24:39","date_gmt":"2022-11-29T09:24:39","guid":{"rendered":"https:\/\/labaidwp.themesflat.com\/?page_id=1996"},"modified":"2025-11-12T01:05:54","modified_gmt":"2025-11-12T05:05:54","slug":"contact-us","status":"publish","type":"page","link":"https:\/\/caltex.cl\/en\/contact-us\/","title":{"rendered":"Contact Us"},"content":{"rendered":"<div data-elementor-type=\"wp-page\" data-elementor-id=\"1996\" class=\"elementor elementor-1996\">\n\t\t\t\t\t\t<section class=\"elementor-section elementor-top-section elementor-element elementor-element-2edeff3 elementor-section-full_width elementor-section-stretched elementor-section-height-default elementor-section-height-default tf-parallax-no\" data-id=\"2edeff3\" data-element_type=\"section\" data-e-type=\"section\" data-settings=\"{&quot;stretch_section&quot;:&quot;section-stretched&quot;,&quot;background_background&quot;:&quot;classic&quot;}\">\n\t\t\t\t\t\t<div class=\"elementor-container elementor-column-gap-no\">\n\t\t\t\t\t<div class=\"elementor-column elementor-col-100 elementor-top-column elementor-element elementor-element-dfb17c2\" data-id=\"dfb17c2\" data-element_type=\"column\" data-e-type=\"column\">\n\t\t\t<div class=\"elementor-widget-wrap elementor-element-populated\">\n\t\t\t\t\t\t<section class=\"elementor-section elementor-inner-section elementor-element elementor-element-7acf211 elementor-section-boxed elementor-section-height-default elementor-section-height-default\" data-id=\"7acf211\" data-element_type=\"section\" data-e-type=\"section\">\n\t\t\t\t\t\t<div class=\"elementor-container elementor-column-gap-custom\">\n\t\t\t\t\t<div class=\"elementor-column elementor-col-100 elementor-inner-column elementor-element elementor-element-70c911a\" data-id=\"70c911a\" data-element_type=\"column\" data-e-type=\"column\">\n\t\t\t<div class=\"elementor-widget-wrap elementor-element-populated\">\n\t\t\t\t\t\t<div class=\"elementor-element elementor-element-fd6cfbe elementor-widget elementor-widget-shortcode\" data-id=\"fd6cfbe\" data-element_type=\"widget\" data-e-type=\"widget\" data-widget_type=\"shortcode.default\">\n\t\t\t\t<div class=\"elementor-widget-container\">\n\t\t\t\t\t\t\t<div class=\"elementor-shortcode\">\n<div class=\"wpcf7 no-js\" id=\"wpcf7-f2011-o1\" lang=\"en-US\" dir=\"ltr\" data-wpcf7-id=\"2011\">\n<div class=\"screen-reader-response\"><p role=\"status\" aria-live=\"polite\" aria-atomic=\"true\"><\/p> <ul><\/ul><\/div>\n<form action=\"\/en\/wp-json\/wp\/v2\/pages\/1996#wpcf7-f2011-o1\" method=\"post\" class=\"wpcf7-form init\" aria-label=\"Contact form\" novalidate=\"novalidate\" data-status=\"init\" data-trp-original-action=\"\/en\/wp-json\/wp\/v2\/pages\/1996#wpcf7-f2011-o1\">\n<fieldset class=\"hidden-fields-container\"><input type=\"hidden\" name=\"_wpcf7\" value=\"2011\" \/><input type=\"hidden\" name=\"_wpcf7_version\" value=\"6.1.5\" \/><input type=\"hidden\" name=\"_wpcf7_locale\" value=\"en_US\" \/><input type=\"hidden\" name=\"_wpcf7_unit_tag\" value=\"wpcf7-f2011-o1\" \/><input type=\"hidden\" name=\"_wpcf7_container_post\" value=\"0\" \/><input type=\"hidden\" name=\"_wpcf7_posted_data_hash\" value=\"\" \/>\n<\/fieldset>\n<style>\n.buttonform:hover {\n background:#C4362C!important;\n color: #fff!important;\n font-family: 'Arimo', sans-serif!important;\n}\n.buttonform {\n color: #fff!important;\n background:#233b6e!important;\n font-family: 'Arimo', sans-serif!important;\n}\n.arimofont {\n font-family: 'Arimo', sans-serif!important;\n}\n\n.arimofont:placeholder {\n font-family: 'Arimo', sans-serif!important;\n}\n<\/style>\n<div class=\"contact-formx form3\">\n\t<h3>Contact Us\n\t<\/h3>\n\t<p class=\"arimofont\">Mandatory fields *\n\t<\/p>\n\t<div class=\"arimofont  group-form\">\n\t\t<p><span class=\"wpcf7-form-control-wrap\" data-name=\"text-842\"><input size=\"40\" maxlength=\"400\" class=\"wpcf7-form-control wpcf7-text wpcf7-validates-as-required arimofont\" aria-required=\"true\" aria-invalid=\"false\" placeholder=\"Fullname *\" value=\"\" type=\"text\" name=\"text-842\" \/><\/span><span class=\"wpcf7-form-control-wrap\" data-name=\"text-98\"><input size=\"40\" maxlength=\"400\" class=\"wpcf7-form-control wpcf7-text wpcf7-validates-as-required arimofont\" aria-required=\"true\" aria-invalid=\"false\" placeholder=\"Phone *\" value=\"\" type=\"text\" name=\"text-98\" \/><\/span><span class=\"wpcf7-form-control-wrap\" data-name=\"text-568\"><input size=\"40\" maxlength=\"400\" class=\"wpcf7-form-control wpcf7-text arimofont\" aria-invalid=\"false\" placeholder=\"Company\" value=\"\" type=\"text\" name=\"text-568\" \/><\/span>\n\t\t<\/p>\n\t<\/div>\n\t<p><span class=\"wpcf7-form-control-wrap\" data-name=\"email-786\"><input size=\"40\" maxlength=\"400\" class=\"wpcf7-form-control wpcf7-email wpcf7-validates-as-required wpcf7-text wpcf7-validates-as-email arimofont\" aria-required=\"true\" aria-invalid=\"false\" placeholder=\"Email*\" value=\"\" type=\"email\" name=\"email-786\" \/><\/span><br \/>\n<span class=\"wpcf7-form-control-wrap\" data-name=\"textarea-861\"><textarea cols=\"40\" rows=\"10\" maxlength=\"2000\" class=\"wpcf7-form-control wpcf7-textarea wpcf7-validates-as-required arimofont\" aria-required=\"true\" aria-invalid=\"false\" placeholder=\"Message *\" name=\"textarea-861\"><\/textarea><\/span>\n\t<\/p>\n\t<div>\n\t\t<p><button class=\"buttonform\" type=\"submit\">+Submit<\/button>\n\t\t<\/p>\n\t<\/div>\n<\/div><div class=\"wpcf7-response-output\" aria-hidden=\"true\"><\/div>\n<input type=\"hidden\" name=\"trp-form-language\" value=\"en\"\/><\/form>\n<\/div>\n<\/div>\n\t\t\t\t\t\t<\/div>\n\t\t\t\t<\/div>\n\t\t\t\t\t<\/div>\n\t\t<\/div>\n\t\t\t\t\t<\/div>\n\t\t<\/section>\n\t\t\t\t\t<\/div>\n\t\t<\/div>\n\t\t\t\t\t<\/div>\n\t\t<\/section>\n\t\t\t\t<section class=\"elementor-section elementor-top-section elementor-element elementor-element-4003d9d elementor-section-full_width elementor-section-stretched elementor-section-height-default elementor-section-height-default\" data-id=\"4003d9d\" data-element_type=\"section\" data-e-type=\"section\" data-settings=\"{&quot;stretch_section&quot;:&quot;section-stretched&quot;}\">\n\t\t\t\t\t\t<div class=\"elementor-container elementor-column-gap-no\">\n\t\t\t\t\t<div class=\"elementor-column elementor-col-100 elementor-top-column elementor-element elementor-element-6080f23\" data-id=\"6080f23\" data-element_type=\"column\" data-e-type=\"column\">\n\t\t\t<div class=\"elementor-widget-wrap elementor-element-populated\">\n\t\t\t\t\t\t<section class=\"elementor-section elementor-inner-section elementor-element elementor-element-6487e7c elementor-section-boxed elementor-section-height-default elementor-section-height-default\" data-id=\"6487e7c\" data-element_type=\"section\" data-e-type=\"section\">\n\t\t\t\t\t\t<div class=\"elementor-container elementor-column-gap-custom\">\n\t\t\t\t\t<div class=\"elementor-column elementor-col-100 elementor-inner-column elementor-element elementor-element-585bf43\" data-id=\"585bf43\" data-element_type=\"column\" data-e-type=\"column\">\n\t\t\t<div class=\"elementor-widget-wrap elementor-element-populated\">\n\t\t\t\t\t\t<div class=\"elementor-element elementor-element-ae4f11e elementor-widget elementor-widget-tf-title-section\" data-id=\"ae4f11e\" data-element_type=\"widget\" data-e-type=\"widget\" data-widget_type=\"tf-title-section.default\">\n\t\t\t\t<div class=\"elementor-widget-container\">\n\t\t\t\t\t<div id=\"tf-title-section-ae4f11e\" class=\"tf-title-section style1\" data-tabid=\"ae4f11e\"> \r\n\t\t\t\t\r\n\t\t\t<div class=\"title-section\">\r\n\t\t\t\t<div class=\"sub-title\">Contact Us<\/div>\r\n\t\t\t\t<h2 class=\"heading\" data-splitting>Find us here<\/h2>\r\n\t\t\t<\/div>                \r\n            <\/div>\t\t\t\t<\/div>\n\t\t\t\t<\/div>\n\t\t\t\t\t<\/div>\n\t\t<\/div>\n\t\t\t\t\t<\/div>\n\t\t<\/section>\n\t\t\t\t<section class=\"elementor-section elementor-inner-section elementor-element elementor-element-6e81e2d elementor-section-boxed elementor-section-height-default elementor-section-height-default\" data-id=\"6e81e2d\" data-element_type=\"section\" data-e-type=\"section\">\n\t\t\t\t\t\t<div class=\"elementor-container elementor-column-gap-custom\">\n\t\t\t\t\t<div class=\"elementor-column elementor-col-100 elementor-inner-column elementor-element elementor-element-3421a66\" data-id=\"3421a66\" data-element_type=\"column\" data-e-type=\"column\">\n\t\t\t<div class=\"elementor-widget-wrap elementor-element-populated\">\n\t\t\t\t\t\t<div class=\"elementor-element elementor-element-d0bc491 elementor-widget__width-initial elementor-widget elementor-widget-tficonbox\" data-id=\"d0bc491\" data-element_type=\"widget\" data-e-type=\"widget\" data-widget_type=\"tficonbox.default\">\n\t\t\t\t<div class=\"elementor-widget-container\">\n\t\t\t\t\t\t\t\t\t\t<div class=\"tficonbox style2 left\">\r\n\t\t\t\t\t\r\n\t\t\t\t\t\t\t\t\t\t<div class=\"wrap-icon\">\r\n\t\t\t\t\t\t\t<div class=\"wrap-icon-inner icon\">\r\n\t\t\t\t\t\t\t\t<div class=\"icon\"><i aria-hidden=\"true\" class=\"icon-labaid-la-4\"><\/i><\/div>\r\n\t\t\t\t\t\t\t<\/div>\r\n\t\t\t\t\t\t\t\r\n\t\t\t\t\t\t<\/div>\r\n\t\t\t\t\t\t\r\n\r\n\t\t\t\t<div class=\"content\">\r\n\t\t\t\t\t<h3 class=\"title\">Phone<\/h3>\r\n\t\t\t\t\t<div class=\"description\"><a href=\"tel:56993335839\">+56 9 93335839<\/a>\n<br \/>\n<a href=\"tel:56222460464\">+56 2 22460464<\/a><\/div>\t\t\t\t\t\r\n\t\t\t\t\t\r\n\t\t\t\t<\/div>\r\n\t\t\t<\/div>\r\n\t\t\t\t\t\t<\/div>\n\t\t\t\t<\/div>\n\t\t\t\t<div class=\"elementor-element elementor-element-9c2a39d elementor-widget__width-initial elementor-widget elementor-widget-tficonbox\" data-id=\"9c2a39d\" data-element_type=\"widget\" data-e-type=\"widget\" data-widget_type=\"tficonbox.default\">\n\t\t\t\t<div class=\"elementor-widget-container\">\n\t\t\t\t\t\t\t\t\t\t<div class=\"tficonbox style2 left\">\r\n\t\t\t\t\t\r\n\t\t\t\t\t\t\t\t\t\t<div class=\"wrap-icon\">\r\n\t\t\t\t\t\t\t<div class=\"wrap-icon-inner icon\">\r\n\t\t\t\t\t\t\t\t<div class=\"icon\"><i aria-hidden=\"true\" class=\"icon-labaid-la-5\"><\/i><\/div>\r\n\t\t\t\t\t\t\t<\/div>\r\n\t\t\t\t\t\t\t\r\n\t\t\t\t\t\t<\/div>\r\n\t\t\t\t\t\t\r\n\r\n\t\t\t\t<div class=\"content\">\r\n\t\t\t\t\t<h3 class=\"title\">Email<\/h3>\r\n\t\t\t\t\t<div class=\"description\"><p><a href=\"mailto:caltex@caltex.cl?SUBJECT=Contacto%20desde%20www.cal-tex.cl\">caltex@caltex.cl<\/a><br \/><a href=\"mailto:ventas@caltex.cl?SUBJECT=Contacto%20desde%20www.cal-tex.cl\">ventas@caltex.cl<\/a><\/p><\/div>\t\t\t\t\t\r\n\t\t\t\t\t\r\n\t\t\t\t<\/div>\r\n\t\t\t<\/div>\r\n\t\t\t\t\t\t<\/div>\n\t\t\t\t<\/div>\n\t\t\t\t<div class=\"elementor-element elementor-element-01b9dbb elementor-widget__width-initial elementor-widget elementor-widget-tficonbox\" data-id=\"01b9dbb\" data-element_type=\"widget\" data-e-type=\"widget\" data-widget_type=\"tficonbox.default\">\n\t\t\t\t<div class=\"elementor-widget-container\">\n\t\t\t\t\t\t\t\t\t\t<div class=\"tficonbox style2 left\">\r\n\t\t\t\t\t\r\n\t\t\t\t\t\t\t\t\t\t<div class=\"wrap-icon\">\r\n\t\t\t\t\t\t\t<div class=\"wrap-icon-inner icon\">\r\n\t\t\t\t\t\t\t\t<div class=\"icon\"><i aria-hidden=\"true\" class=\"icon-labaid-la-6\"><\/i><\/div>\r\n\t\t\t\t\t\t\t<\/div>\r\n\t\t\t\t\t\t\t\r\n\t\t\t\t\t\t<\/div>\r\n\t\t\t\t\t\t\r\n\r\n\t\t\t\t<div class=\"content\">\r\n\t\t\t\t\t<h3 class=\"title\">Location<\/h3>\r\n\t\t\t\t\t<div class=\"description\"><p>Av. Pdte. Sebastian Pi\u00f1era E. 577<br \/>Las Condes, Santiago, Chile<\/p><\/div>\t\t\t\t\t\r\n\t\t\t\t\t\r\n\t\t\t\t<\/div>\r\n\t\t\t<\/div>\r\n\t\t\t\t\t\t<\/div>\n\t\t\t\t<\/div>\n\t\t\t\t\t<\/div>\n\t\t<\/div>\n\t\t\t\t\t<\/div>\n\t\t<\/section>\n\t\t\t\t\t<\/div>\n\t\t<\/div>\n\t\t\t\t\t<\/div>\n\t\t<\/section>\n\t\t\t\t<\/div>","protected":false},"excerpt":{"rendered":"<p>Contactanos Encuentranos aqu\u00ed Tel\u00e9fono +56 9 93335839 +56 2 22460464 Email caltex@caltex.clventas@caltex.cl Ubicaci\u00f3n Av. Pdte. Sebastian Pi\u00f1era E. 577Las Condes, Santiago, Chile<\/p>","protected":false},"author":2,"featured_media":0,"parent":0,"menu_order":0,"comment_status":"closed","ping_status":"closed","template":"","meta":{"footnotes":""},"class_list":["post-1996","page","type-page","status-publish","hentry"],"_links":{"self":[{"href":"https:\/\/caltex.cl\/en\/wp-json\/wp\/v2\/pages\/1996","targetHints":{"allow":["GET"]}}],"collection":[{"href":"https:\/\/caltex.cl\/en\/wp-json\/wp\/v2\/pages"}],"about":[{"href":"https:\/\/caltex.cl\/en\/wp-json\/wp\/v2\/types\/page"}],"author":[{"embeddable":true,"href":"https:\/\/caltex.cl\/en\/wp-json\/wp\/v2\/users\/2"}],"replies":[{"embeddable":true,"href":"https:\/\/caltex.cl\/en\/wp-json\/wp\/v2\/comments?post=1996"}],"version-history":[{"count":22,"href":"https:\/\/caltex.cl\/en\/wp-json\/wp\/v2\/pages\/1996\/revisions"}],"predecessor-version":[{"id":3674,"href":"https:\/\/caltex.cl\/en\/wp-json\/wp\/v2\/pages\/1996\/revisions\/3674"}],"wp:attachment":[{"href":"https:\/\/caltex.cl\/en\/wp-json\/wp\/v2\/media?parent=1996"}],"curies":[{"name":"wp","href":"https:\/\/api.w.org\/{rel}","templated":true}]}}