{"id":1744,"date":"2022-11-28T09:10:43","date_gmt":"2022-11-28T09:10:43","guid":{"rendered":"https:\/\/labaidwp.themesflat.com\/?page_id=1744"},"modified":"2025-11-17T01:55:17","modified_gmt":"2025-11-17T05:55:17","slug":"service-page","status":"publish","type":"page","link":"https:\/\/caltex.cl\/en\/service-page\/","title":{"rendered":"Services"},"content":{"rendered":"<div data-elementor-type=\"wp-page\" data-elementor-id=\"1744\" class=\"elementor elementor-1744\">\n\t\t\t\t\t\t<section class=\"elementor-section elementor-top-section elementor-element elementor-element-02ce59a elementor-section-full_width elementor-section-stretched elementor-section-height-default elementor-section-height-default\" data-id=\"02ce59a\" data-element_type=\"section\" data-e-type=\"section\" data-settings=\"{&quot;stretch_section&quot;:&quot;section-stretched&quot;}\">\n\t\t\t\t\t\t<div class=\"elementor-container elementor-column-gap-no\">\n\t\t\t\t\t<div class=\"elementor-column elementor-col-100 elementor-top-column elementor-element elementor-element-1c5e867\" data-id=\"1c5e867\" data-element_type=\"column\" data-e-type=\"column\">\n\t\t\t<div class=\"elementor-widget-wrap elementor-element-populated\">\n\t\t\t\t\t\t<section class=\"elementor-section elementor-inner-section elementor-element elementor-element-6dd9d1b elementor-section-boxed elementor-section-height-default elementor-section-height-default\" data-id=\"6dd9d1b\" data-element_type=\"section\" data-e-type=\"section\">\n\t\t\t\t\t\t<div class=\"elementor-container elementor-column-gap-custom\">\n\t\t\t\t\t<div class=\"elementor-column elementor-col-100 elementor-inner-column elementor-element elementor-element-d8c014f\" data-id=\"d8c014f\" data-element_type=\"column\" data-e-type=\"column\">\n\t\t\t<div class=\"elementor-widget-wrap elementor-element-populated\">\n\t\t\t\t\t\t<section class=\"elementor-section elementor-inner-section elementor-element elementor-element-0b9b6fe elementor-section-boxed elementor-section-height-default elementor-section-height-default\" data-id=\"0b9b6fe\" data-element_type=\"section\" data-e-type=\"section\">\n\t\t\t\t\t\t<div class=\"elementor-container elementor-column-gap-custom\">\n\t\t\t\t\t<div class=\"elementor-column elementor-col-25 elementor-inner-column elementor-element elementor-element-acb59fe\" data-id=\"acb59fe\" data-element_type=\"column\" data-e-type=\"column\">\n\t\t\t<div class=\"elementor-widget-wrap elementor-element-populated\">\n\t\t\t\t\t\t<div class=\"elementor-element elementor-element-a423010 elementor-widget elementor-widget-tfimagebox\" data-id=\"a423010\" data-element_type=\"widget\" data-e-type=\"widget\" data-widget_type=\"tfimagebox.default\">\n\t\t\t\t<div class=\"elementor-widget-container\">\n\t\t\t\t\t<div class=\"tf-imagebox style-1\"> \r\n                <div class=\"image\"><img fetchpriority=\"high\" decoding=\"async\" width=\"1024\" height=\"545\" src=\"https:\/\/caltex.cl\/wp-content\/uploads\/2025\/06\/shutterstock_1779276218-1024x545.webp\" class=\"attachment-large size-large wp-image-2953\" alt=\"\" srcset=\"https:\/\/caltex.cl\/wp-content\/uploads\/2025\/06\/shutterstock_1779276218-1024x545.webp 1024w, https:\/\/caltex.cl\/wp-content\/uploads\/2025\/06\/shutterstock_1779276218-300x160.webp 300w, https:\/\/caltex.cl\/wp-content\/uploads\/2025\/06\/shutterstock_1779276218-768x408.webp 768w, https:\/\/caltex.cl\/wp-content\/uploads\/2025\/06\/shutterstock_1779276218-1536x817.webp 1536w, https:\/\/caltex.cl\/wp-content\/uploads\/2025\/06\/shutterstock_1779276218-18x10.webp 18w, https:\/\/caltex.cl\/wp-content\/uploads\/2025\/06\/shutterstock_1779276218.webp 1920w\" sizes=\"(max-width: 1024px) 100vw, 1024px\" \/> <\/div>\r\n                <div class=\"content-only\"> \r\n                \t               \t              \r\n\t\t\t\t\t<h4 class=\"title\"><a href=\"https:\/\/caltex.cl\/en\/epp\/\"  >PPE Certification<\/a><\/h4>\r\n\t\t\t\t<\/div>\r\n                <div class=\"content\">\t\r\n                \t                \r\n\t\t\t\t\t<h4 class=\"title\"><a href=\"https:\/\/caltex.cl\/en\/epp\/\"  >PPE Certification<\/a><\/h4>\r\n\t                <div class=\"description\"><p>\u00a0<\/p><p><span style=\"color: #333333;\">Safety validated under demanding standards. Expert guidance for manufacturers, importers, and public institutions.<\/span><\/p><\/div>\r\n\t                <div class=\"tf-button-container\"><a class=\"tf-button bt_icon_after hover-default\" href=\"https:\/\/caltex.cl\/en\/epp\/\"  >+ More <i class=\"\"><\/i><\/a><\/div>\r\n\t\t\t\t<\/div>\r\n            <\/div>\t\t\t\t<\/div>\n\t\t\t\t<\/div>\n\t\t\t\t\t<\/div>\n\t\t<\/div>\n\t\t\t\t<div class=\"elementor-column elementor-col-25 elementor-inner-column elementor-element elementor-element-0a2e8be\" data-id=\"0a2e8be\" data-element_type=\"column\" data-e-type=\"column\">\n\t\t\t<div class=\"elementor-widget-wrap elementor-element-populated\">\n\t\t\t\t\t\t<div class=\"elementor-element elementor-element-dfa6b1c elementor-widget elementor-widget-tfimagebox\" data-id=\"dfa6b1c\" data-element_type=\"widget\" data-e-type=\"widget\" data-widget_type=\"tfimagebox.default\">\n\t\t\t\t<div class=\"elementor-widget-container\">\n\t\t\t\t\t<div class=\"tf-imagebox style-1\"> \r\n                <div class=\"image\"><img decoding=\"async\" src=\"https:\/\/caltex.cl\/wp-content\/uploads\/2025\/06\/EnsayosTextiles.webp\" title=\"EnsayosTextiles\" alt=\"EnsayosTextiles\" loading=\"lazy\" \/> <\/div>\r\n                <div class=\"content-only\"> \r\n                \t               \t              \r\n\t\t\t\t\t<h4 class=\"title\"><a href=\"https:\/\/caltex.cl\/en\/ensayos-textiles\/\"  >Certification of Textiles, Leather, and Footwear<\/a><\/h4>\r\n\t\t\t\t<\/div>\r\n                <div class=\"content\">\t\r\n                \t                \r\n\t\t\t\t\t<h4 class=\"title\"><a href=\"https:\/\/caltex.cl\/en\/ensayos-textiles\/\"  >Certification of Textiles, Leather, and Footwear<\/a><\/h4>\r\n\t                <div class=\"description\"><p><span style=\"color: #000000;\">Laboratory analysis to assess fabric performance, quality and safety.<\/span><\/p><\/div>\r\n\t                <div class=\"tf-button-container\"><a class=\"tf-button bt_icon_after hover-default\" href=\"https:\/\/caltex.cl\/en\/ensayos-textiles\/\"  >+ More <i class=\"\"><\/i><\/a><\/div>\r\n\t\t\t\t<\/div>\r\n            <\/div>\t\t\t\t<\/div>\n\t\t\t\t<\/div>\n\t\t\t\t\t<\/div>\n\t\t<\/div>\n\t\t\t\t<div class=\"elementor-column elementor-col-25 elementor-inner-column elementor-element elementor-element-22684f6\" data-id=\"22684f6\" data-element_type=\"column\" data-e-type=\"column\">\n\t\t\t<div class=\"elementor-widget-wrap elementor-element-populated\">\n\t\t\t\t\t\t<div class=\"elementor-element elementor-element-e565ce3 elementor-widget elementor-widget-tfimagebox\" data-id=\"e565ce3\" data-element_type=\"widget\" data-e-type=\"widget\" data-widget_type=\"tfimagebox.default\">\n\t\t\t\t<div class=\"elementor-widget-container\">\n\t\t\t\t\t<div class=\"tf-imagebox style-1\"> \r\n                <div class=\"image\"><img decoding=\"async\" width=\"1024\" height=\"545\" src=\"https:\/\/caltex.cl\/wp-content\/uploads\/2025\/06\/shutterstock_522085051-1024x545.webp\" class=\"attachment-large size-large wp-image-2959\" alt=\"\" srcset=\"https:\/\/caltex.cl\/wp-content\/uploads\/2025\/06\/shutterstock_522085051-1024x545.webp 1024w, https:\/\/caltex.cl\/wp-content\/uploads\/2025\/06\/shutterstock_522085051-300x160.webp 300w, https:\/\/caltex.cl\/wp-content\/uploads\/2025\/06\/shutterstock_522085051-768x408.webp 768w, https:\/\/caltex.cl\/wp-content\/uploads\/2025\/06\/shutterstock_522085051-1536x817.webp 1536w, https:\/\/caltex.cl\/wp-content\/uploads\/2025\/06\/shutterstock_522085051-18x10.webp 18w, https:\/\/caltex.cl\/wp-content\/uploads\/2025\/06\/shutterstock_522085051.webp 1920w\" sizes=\"(max-width: 1024px) 100vw, 1024px\" \/> <\/div>\r\n                <div class=\"content-only\"> \r\n                \t               \t              \r\n\t\t\t\t\t<h4 class=\"title\"><a href=\"https:\/\/caltex.cl\/en\/cert-textil-retail\/\"  >Retail \nCertification\n\n<\/a><\/h4>\r\n\t\t\t\t<\/div>\r\n                <div class=\"content\">\t\r\n                \t                \r\n\t\t\t\t\t<h4 class=\"title\"><a href=\"https:\/\/caltex.cl\/en\/cert-textil-retail\/\"  >Retail \nCertification\n\n<\/a><\/h4>\r\n\t                <div class=\"description\"><p>\u00a0<\/p><p><span style=\"color: #000000;\">Technical approval of garments and footwear in line with mass consumption requirements.<\/span><\/p><p>\u00a0<\/p><\/div>\r\n\t                <div class=\"tf-button-container\"><a class=\"tf-button bt_icon_after hover-default\" href=\"https:\/\/caltex.cl\/en\/cert-textil-retail\/\"  >+ More <i class=\"\"><\/i><\/a><\/div>\r\n\t\t\t\t<\/div>\r\n            <\/div>\t\t\t\t<\/div>\n\t\t\t\t<\/div>\n\t\t\t\t\t<\/div>\n\t\t<\/div>\n\t\t\t\t<div class=\"elementor-column elementor-col-25 elementor-inner-column elementor-element elementor-element-f5c3dbc\" data-id=\"f5c3dbc\" data-element_type=\"column\" data-e-type=\"column\">\n\t\t\t<div class=\"elementor-widget-wrap elementor-element-populated\">\n\t\t\t\t\t\t<div class=\"elementor-element elementor-element-f152277 elementor-widget elementor-widget-tfimagebox\" data-id=\"f152277\" data-element_type=\"widget\" data-e-type=\"widget\" data-widget_type=\"tfimagebox.default\">\n\t\t\t\t<div class=\"elementor-widget-container\">\n\t\t\t\t\t<div class=\"tf-imagebox style-1\"> \r\n                <div class=\"image\"><img decoding=\"async\" width=\"1920\" height=\"1019\" src=\"https:\/\/caltex.cl\/wp-content\/uploads\/2025\/10\/Mineria3.png\" class=\"attachment-full size-full wp-image-3584\" alt=\"\" srcset=\"https:\/\/caltex.cl\/wp-content\/uploads\/2025\/10\/Mineria3.png 1920w, https:\/\/caltex.cl\/wp-content\/uploads\/2025\/10\/Mineria3-300x159.png 300w, https:\/\/caltex.cl\/wp-content\/uploads\/2025\/10\/Mineria3-1024x543.png 1024w, https:\/\/caltex.cl\/wp-content\/uploads\/2025\/10\/Mineria3-768x408.png 768w, https:\/\/caltex.cl\/wp-content\/uploads\/2025\/10\/Mineria3-1536x815.png 1536w, https:\/\/caltex.cl\/wp-content\/uploads\/2025\/10\/Mineria3-18x10.png 18w\" sizes=\"(max-width: 1920px) 100vw, 1920px\" \/> <\/div>\r\n                <div class=\"content-only\"> \r\n                \t               \t              \r\n\t\t\t\t\t<h4 class=\"title\"><a href=\"https:\/\/caltex.cl\/en\/cert-vest-mineria\/\"  >Clothing for Mining\n\n<\/a><\/h4>\r\n\t\t\t\t<\/div>\r\n                <div class=\"content\">\t\r\n                \t                \r\n\t\t\t\t\t<h4 class=\"title\"><a href=\"https:\/\/caltex.cl\/en\/cert-vest-mineria\/\"  >Clothing for Mining\n\n<\/a><\/h4>\r\n\t                <div class=\"description\"><p>\u00a0<\/p><p><span style=\"color: #000000;\">Technical evaluation of garments and materials for industrial use, validated in the laboratory for extreme environments.<\/span><\/p><\/div>\r\n\t                <div class=\"tf-button-container\"><a class=\"tf-button bt_icon_after hover-default\" href=\"https:\/\/caltex.cl\/en\/cert-vest-mineria\/\"  >+ More <i class=\"\"><\/i><\/a><\/div>\r\n\t\t\t\t<\/div>\r\n            <\/div>\t\t\t\t<\/div>\n\t\t\t\t<\/div>\n\t\t\t\t\t<\/div>\n\t\t<\/div>\n\t\t\t\t\t<\/div>\n\t\t<\/section>\n\t\t\t\t\t<\/div>\n\t\t<\/div>\n\t\t\t\t\t<\/div>\n\t\t<\/section>\n\t\t\t\t\t<\/div>\n\t\t<\/div>\n\t\t\t\t\t<\/div>\n\t\t<\/section>\n\t\t\t\t<\/div>","protected":false},"excerpt":{"rendered":"<p>Certificaci\u00f3n de EPP Certificaci\u00f3n de EPP \u00a0 Seguridad validada bajo normativas exigentes. Asesor\u00eda experta para fabricantes, importadores y organismos p\u00fablicos. + Leer m\u00e1s Certificaci\u00f3n de Textiles, Cueros y Calzados Certificaci\u00f3n de Textiles, Cueros y Calzados An\u00e1lisis de laboratorio para evaluar desempe\u00f1o, calidad y seguridad de tejidos, cueros y calzados. + [&hellip;]<\/p>\n","protected":false},"author":2,"featured_media":0,"parent":0,"menu_order":0,"comment_status":"closed","ping_status":"closed","template":"","meta":{"footnotes":""},"class_list":["post-1744","page","type-page","status-publish","hentry"],"_links":{"self":[{"href":"https:\/\/caltex.cl\/en\/wp-json\/wp\/v2\/pages\/1744","targetHints":{"allow":["GET"]}}],"collection":[{"href":"https:\/\/caltex.cl\/en\/wp-json\/wp\/v2\/pages"}],"about":[{"href":"https:\/\/caltex.cl\/en\/wp-json\/wp\/v2\/types\/page"}],"author":[{"embeddable":true,"href":"https:\/\/caltex.cl\/en\/wp-json\/wp\/v2\/users\/2"}],"replies":[{"embeddable":true,"href":"https:\/\/caltex.cl\/en\/wp-json\/wp\/v2\/comments?post=1744"}],"version-history":[{"count":56,"href":"https:\/\/caltex.cl\/en\/wp-json\/wp\/v2\/pages\/1744\/revisions"}],"predecessor-version":[{"id":3867,"href":"https:\/\/caltex.cl\/en\/wp-json\/wp\/v2\/pages\/1744\/revisions\/3867"}],"wp:attachment":[{"href":"https:\/\/caltex.cl\/en\/wp-json\/wp\/v2\/media?parent=1744"}],"curies":[{"name":"wp","href":"https:\/\/api.w.org\/{rel}","templated":true}]}}