{"id":1620,"date":"2022-11-28T06:34:59","date_gmt":"2022-11-28T06:34:59","guid":{"rendered":"https:\/\/labaidwp.themesflat.com\/?page_id=1620"},"modified":"2025-11-17T01:58:07","modified_gmt":"2025-11-17T05:58:07","slug":"about-us","status":"publish","type":"page","link":"https:\/\/caltex.cl\/en\/about-us\/","title":{"rendered":"About Us"},"content":{"rendered":"<div data-elementor-type=\"wp-page\" data-elementor-id=\"1620\" class=\"elementor elementor-1620\">\n\t\t\t\t\t\t<section class=\"elementor-section elementor-top-section elementor-element elementor-element-ca16a4b elementor-section-full_width elementor-section-stretched elementor-section-height-default elementor-section-height-default\" data-id=\"ca16a4b\" data-element_type=\"section\" data-e-type=\"section\" data-settings=\"{&quot;stretch_section&quot;:&quot;section-stretched&quot;,&quot;background_background&quot;:&quot;classic&quot;}\">\n\t\t\t\t\t\t<div class=\"elementor-container elementor-column-gap-no\">\n\t\t\t\t\t<div class=\"elementor-column elementor-col-100 elementor-top-column elementor-element elementor-element-1fe5600\" data-id=\"1fe5600\" data-element_type=\"column\" data-e-type=\"column\">\n\t\t\t<div class=\"elementor-widget-wrap elementor-element-populated\">\n\t\t\t\t\t\t<section class=\"elementor-section elementor-inner-section elementor-element elementor-element-2238b3e elementor-section-content-middle elementor-section-boxed elementor-section-height-default elementor-section-height-default\" data-id=\"2238b3e\" data-element_type=\"section\" data-e-type=\"section\">\n\t\t\t\t\t\t<div class=\"elementor-container elementor-column-gap-custom\">\n\t\t\t\t\t<div class=\"elementor-column elementor-col-100 elementor-inner-column elementor-element elementor-element-599ceac\" data-id=\"599ceac\" data-element_type=\"column\" data-e-type=\"column\" data-settings=\"{&quot;background_background&quot;:&quot;classic&quot;}\">\n\t\t\t<div class=\"elementor-widget-wrap elementor-element-populated\">\n\t\t\t\t\t\t<div class=\"elementor-element elementor-element-c7ce6b0 elementor-widget elementor-widget-spacer\" data-id=\"c7ce6b0\" data-element_type=\"widget\" data-e-type=\"widget\" data-widget_type=\"spacer.default\">\n\t\t\t\t<div class=\"elementor-widget-container\">\n\t\t\t\t\t\t\t<div class=\"elementor-spacer\">\n\t\t\t<div class=\"elementor-spacer-inner\"><\/div>\n\t\t<\/div>\n\t\t\t\t\t\t<\/div>\n\t\t\t\t<\/div>\n\t\t\t\t\t<\/div>\n\t\t<\/div>\n\t\t\t\t\t<\/div>\n\t\t<\/section>\n\t\t\t\t\t<\/div>\n\t\t<\/div>\n\t\t\t\t\t<\/div>\n\t\t<\/section>\n\t\t\t\t<section class=\"elementor-section elementor-top-section elementor-element elementor-element-5fb1283 elementor-section-full_width elementor-section-stretched elementor-section-height-default elementor-section-height-default\" data-id=\"5fb1283\" data-element_type=\"section\" data-e-type=\"section\" data-settings=\"{&quot;stretch_section&quot;:&quot;section-stretched&quot;,&quot;background_background&quot;:&quot;classic&quot;}\">\n\t\t\t\t\t\t<div class=\"elementor-container elementor-column-gap-no\">\n\t\t\t\t\t<div class=\"elementor-column elementor-col-100 elementor-top-column elementor-element elementor-element-ffd5206\" data-id=\"ffd5206\" data-element_type=\"column\" data-e-type=\"column\">\n\t\t\t<div class=\"elementor-widget-wrap elementor-element-populated\">\n\t\t\t\t\t\t<section class=\"elementor-section elementor-inner-section elementor-element elementor-element-6e2c0aa elementor-section-content-middle elementor-section-boxed elementor-section-height-default elementor-section-height-default\" data-id=\"6e2c0aa\" data-element_type=\"section\" data-e-type=\"section\">\n\t\t\t\t\t\t<div class=\"elementor-container elementor-column-gap-custom\">\n\t\t\t\t\t<div class=\"elementor-column elementor-col-100 elementor-inner-column elementor-element elementor-element-3b1e7ff\" data-id=\"3b1e7ff\" data-element_type=\"column\" data-e-type=\"column\">\n\t\t\t<div class=\"elementor-widget-wrap elementor-element-populated\">\n\t\t\t\t\t\t<div class=\"elementor-element elementor-element-f1e648b elementor-widget elementor-widget-tf-title-section\" data-id=\"f1e648b\" data-element_type=\"widget\" data-e-type=\"widget\" data-widget_type=\"tf-title-section.default\">\n\t\t\t\t<div class=\"elementor-widget-container\">\n\t\t\t\t\t<div id=\"tf-title-section-f1e648b\" class=\"tf-title-section style1\" data-tabid=\"f1e648b\"> \r\n\t\t\t\t\r\n\t\t\t<div class=\"title-section\">\r\n\t\t\t\t<div class=\"sub-title\">ABOUT US<\/div>\r\n\t\t\t\t<h2 class=\"heading\" data-splitting>Cal-Tex: Excellence in Testing and Technical Certification<\/h2>\r\n\t\t\t<\/div>                \r\n            <\/div>\t\t\t\t<\/div>\n\t\t\t\t<\/div>\n\t\t\t\t<div class=\"elementor-element elementor-element-56ecf73 elementor-widget elementor-widget-text-editor\" data-id=\"56ecf73\" data-element_type=\"widget\" data-e-type=\"widget\" data-widget_type=\"text-editor.default\">\n\t\t\t\t<div class=\"elementor-widget-container\">\n\t\t\t\t\t\t\t\t\t<p style=\"color: #000000; text-align: justify;\">Since 1988, Cal-Tex has specialized in testing and technical certification for textile products, geotextiles, leather, and footwear. With over 35 years of experience, we are recognized as one of the leading references in Latin America for analyses conducted in accordance with international standards such as ISO, UNE-EN, ASTM, and AATCC, among others.<\/p>\n<p style=\"color: #000000; text-align: justify;\">Our laboratories are equipped with cutting-edge technology and supported by a multidisciplinary team of highly qualified professionals, committed to providing expert advice and technical support throughout every stage of the certification process.<\/p>\n<p style=\"color: #000000; text-align: justify;\">We serve a wide range of industrial sectors and public institutions, including the Armed Forces, mining, retail, exporters, importers, and manufacturers. This broad scope allows us to thoroughly understand the specific regulatory requirements of each market.<\/p>\n<p style=\"color: #000000; text-align: justify;\">Our tests are conducted under strict quality protocols, ensuring transparency, confidentiality, and reliable results\u2014key elements for competing in increasingly demanding global markets. <strong>transparency, confidentiality, and reliable results<\/strong>, essential elements for competing in increasingly demanding global markets.<\/p>\t\t\t\t\t\t\t\t<\/div>\n\t\t\t\t<\/div>\n\t\t\t\t\t<\/div>\n\t\t<\/div>\n\t\t\t\t\t<\/div>\n\t\t<\/section>\n\t\t\t\t<section class=\"elementor-section elementor-inner-section elementor-element elementor-element-ca10c6d elementor-section-boxed elementor-section-height-default elementor-section-height-default\" data-id=\"ca10c6d\" data-element_type=\"section\" data-e-type=\"section\">\n\t\t\t\t\t\t<div class=\"elementor-container elementor-column-gap-custom\">\n\t\t\t\t\t<div class=\"elementor-column elementor-col-100 elementor-inner-column elementor-element elementor-element-50fae8c\" data-id=\"50fae8c\" data-element_type=\"column\" data-e-type=\"column\">\n\t\t\t<div class=\"elementor-widget-wrap elementor-element-populated\">\n\t\t\t\t\t\t<div class=\"elementor-element elementor-element-4f6c6ba elementor-widget elementor-widget-heading\" data-id=\"4f6c6ba\" data-element_type=\"widget\" data-e-type=\"widget\" data-widget_type=\"heading.default\">\n\t\t\t\t<div class=\"elementor-widget-container\">\n\t\t\t\t\t<h2 class=\"elementor-heading-title elementor-size-default\">GET TO KNOW US<\/h2>\t\t\t\t<\/div>\n\t\t\t\t<\/div>\n\t\t\t\t<div class=\"elementor-element elementor-element-fdc9b3c elementor-widget elementor-widget-heading\" data-id=\"fdc9b3c\" data-element_type=\"widget\" data-e-type=\"widget\" data-widget_type=\"heading.default\">\n\t\t\t\t<div class=\"elementor-widget-container\">\n\t\t\t\t\t<h2 class=\"elementor-heading-title elementor-size-default\">Let's work together!<\/h2>\t\t\t\t<\/div>\n\t\t\t\t<\/div>\n\t\t\t\t<div class=\"elementor-element elementor-element-9b1cc05 elementor-widget elementor-widget-tf-button\" data-id=\"9b1cc05\" data-element_type=\"widget\" data-e-type=\"widget\" data-widget_type=\"tf-button.default\">\n\t\t\t\t<div class=\"elementor-widget-container\">\n\t\t\t\t\t        <div id=\"tf-step-9b1cc05\" class=\"wrap-tf-button\" data-tabid=\"9b1cc05\">\r\n\t\t\t<div class=\"wrap-tf-button2\">\r\n\t\t\t\t<a href=\"https:\/\/caltex.cl\/en\/contact-us\/\" class=\"tf-button2\" >\r\n\t\t\t\t\t<span>+ Contact Us<\/span> \r\n\t\t\t\t\t\t\t\t\t\t<\/a>\r\n\t\t\t<\/div>\r\n\t    <\/div>\r\n        \t\t\t\t<\/div>\n\t\t\t\t<\/div>\n\t\t\t\t<div class=\"elementor-element elementor-element-3af558a elementor-widget elementor-widget-spacer\" data-id=\"3af558a\" data-element_type=\"widget\" data-e-type=\"widget\" data-widget_type=\"spacer.default\">\n\t\t\t\t<div class=\"elementor-widget-container\">\n\t\t\t\t\t\t\t<div class=\"elementor-spacer\">\n\t\t\t<div class=\"elementor-spacer-inner\"><\/div>\n\t\t<\/div>\n\t\t\t\t\t\t<\/div>\n\t\t\t\t<\/div>\n\t\t\t\t\t<\/div>\n\t\t<\/div>\n\t\t\t\t\t<\/div>\n\t\t<\/section>\n\t\t\t\t\t<\/div>\n\t\t<\/div>\n\t\t\t\t\t<\/div>\n\t\t<\/section>\n\t\t\t\t<\/div>","protected":false},"excerpt":{"rendered":"<p>QUI\u00c9NES SOMOS Cal-Tex: Excelencia en Ensayos y Certificaci\u00f3n T\u00e9cnica Desde 1988, en Cal-Tex nos especializamos en ensayos y certificaciones t\u00e9cnicas para productos textiles, geotextiles, cueros y calzado. Nuestra experiencia de m\u00e1s de 35 a\u00f1os nos posiciona como uno de los referentes en Latinoam\u00e9rica en an\u00e1lisis conforme a normativas internacionales como [&hellip;]<\/p>\n","protected":false},"author":2,"featured_media":0,"parent":0,"menu_order":0,"comment_status":"closed","ping_status":"closed","template":"","meta":{"footnotes":""},"class_list":["post-1620","page","type-page","status-publish","hentry"],"_links":{"self":[{"href":"https:\/\/caltex.cl\/en\/wp-json\/wp\/v2\/pages\/1620","targetHints":{"allow":["GET"]}}],"collection":[{"href":"https:\/\/caltex.cl\/en\/wp-json\/wp\/v2\/pages"}],"about":[{"href":"https:\/\/caltex.cl\/en\/wp-json\/wp\/v2\/types\/page"}],"author":[{"embeddable":true,"href":"https:\/\/caltex.cl\/en\/wp-json\/wp\/v2\/users\/2"}],"replies":[{"embeddable":true,"href":"https:\/\/caltex.cl\/en\/wp-json\/wp\/v2\/comments?post=1620"}],"version-history":[{"count":89,"href":"https:\/\/caltex.cl\/en\/wp-json\/wp\/v2\/pages\/1620\/revisions"}],"predecessor-version":[{"id":3873,"href":"https:\/\/caltex.cl\/en\/wp-json\/wp\/v2\/pages\/1620\/revisions\/3873"}],"wp:attachment":[{"href":"https:\/\/caltex.cl\/en\/wp-json\/wp\/v2\/media?parent=1620"}],"curies":[{"name":"wp","href":"https:\/\/api.w.org\/{rel}","templated":true}]}}